{"id":544,"date":"2019-03-18T22:48:53","date_gmt":"2019-03-18T21:48:53","guid":{"rendered":"https:\/\/www.etadam-pessac.fr\/?page_id=544"},"modified":"2025-05-15T07:16:55","modified_gmt":"2025-05-15T05:16:55","slug":"ri","status":"publish","type":"page","link":"https:\/\/www.etadam-pessac.fr\/?page_id=544","title":{"rendered":"Documents"},"content":{"rendered":"\n<p>Vous y retrouverez les informations utiles sur la vie de l\u2019association, loi 1901. <em>(cliquez sur le document qui vous int\u00e9resse)<\/em><br><\/p>\n\n\n\n<h3 class=\"wp-block-heading\"> <br><strong>Assembl\u00e9e G\u00e9n\u00e9rale 2022 (R\u00e9sultats de l&rsquo;ann\u00e9e \u00ab\u00a0scolaire\u00a0\u00bb 2020-2021)<\/strong>  <\/h3>\n\n\n\n<p><\/p>\n\n\n\n<div class=\"wp-block-file\"><a href=\"https:\/\/www.etadam-pessac.fr\/wp-content\/uploads\/2022\/02\/Compte-rendu-AG-Etadam-du-23-janvier-2022.pdf\">Compte-rendu-AG-Etadam-du-23-janvier-2022<\/a><\/div>\n\n\n\n<div class=\"wp-block-file\"><a href=\"https:\/\/www.etadam-pessac.fr\/wp-content\/uploads\/2022\/02\/Bilan_2021-2022_au_22_01_2022.pdf\">Bilan_Pr\u00e9visionnel_2021-2022_au_22_01_2022<\/a><\/div>\n\n\n\n<div class=\"wp-block-file\"><a href=\"https:\/\/www.etadam-pessac.fr\/wp-content\/uploads\/2022\/02\/Compte_de_resultat_2020-2021.pdf\">Compte_de_resultat_2020-2021<\/a><\/div>\n\n\n\n<h3 class=\"wp-block-heading\"> <br><strong>Documents G\u00e9n\u00e9raux de l\u2019association<\/strong> <\/h3>\n\n\n\n<p><a href=\"https:\/\/www.etadam-pessac.fr\/wp-content\/uploads\/2019\/07\/R\u00e9glement-int\u00e9rieur-du-17_10_2018.pdf\">R\u00e9glement int\u00e9rieur du 17_10_2018<\/a><br><a href=\"https:\/\/www.etadam-pessac.fr\/wp-content\/uploads\/2019\/03\/Statuts-ETADAM.pdf\">Statuts ETADAM<\/a> <\/p>\n\n\n<h3>&nbsp;<\/h3>\n<h3>Anciens Documents :<\/h3>\n<p><a href=\"https:\/\/www.etadam-pessac.fr\/wp-content\/uploads\/2020\/10\/NouvelleInscriptionAdulte_2020-2021.pdf\">Inscription Adulte 2020-2021<\/a><\/p>\n<p><a href=\"https:\/\/www.etadam-pessac.fr\/wp-content\/uploads\/2020\/10\/InscriptionEnfant_2020-2021.pdf\">Insciption Enfant \/ Ado 2020-2021<\/a><\/p>\n<p>&nbsp;<\/p>\n<p>Voir l&rsquo;<a href=\"https:\/\/www.etadam-pessac.fr\/2019\/07\/09\/assemblee-generale-2019\/\">Assembl\u00e9e G\u00e9n\u00e9rale 2019<\/a><\/p>","protected":false},"excerpt":{"rendered":"<p>Vous y retrouverez les informations utiles sur la vie de l\u2019association, loi 1901. (cliquez sur le document qui vous int\u00e9resse) Assembl\u00e9e G\u00e9n\u00e9rale 2022 (R\u00e9sultats de l&rsquo;ann\u00e9e \u00ab\u00a0scolaire\u00a0\u00bb 2020-2021) Documents G\u00e9n\u00e9raux de l\u2019association R\u00e9glement int\u00e9rieur du 17_10_2018Statuts ETADAM &nbsp; Anciens Documents&hellip;&nbsp;<a href=\"https:\/\/www.etadam-pessac.fr\/?page_id=544\" class=\"more-link\">Lire la suite<\/a><\/p>\n","protected":false},"author":1,"featured_media":0,"parent":0,"menu_order":0,"comment_status":"closed","ping_status":"closed","template":"","meta":{"ngg_post_thumbnail":0,"footnotes":""},"class_list":["post-544","page","type-page","status-publish","hentry"],"_links":{"self":[{"href":"https:\/\/www.etadam-pessac.fr\/index.php?rest_route=\/wp\/v2\/pages\/544","targetHints":{"allow":["GET"]}}],"collection":[{"href":"https:\/\/www.etadam-pessac.fr\/index.php?rest_route=\/wp\/v2\/pages"}],"about":[{"href":"https:\/\/www.etadam-pessac.fr\/index.php?rest_route=\/wp\/v2\/types\/page"}],"author":[{"embeddable":true,"href":"https:\/\/www.etadam-pessac.fr\/index.php?rest_route=\/wp\/v2\/users\/1"}],"replies":[{"embeddable":true,"href":"https:\/\/www.etadam-pessac.fr\/index.php?rest_route=%2Fwp%2Fv2%2Fcomments&post=544"}],"version-history":[{"count":1,"href":"https:\/\/www.etadam-pessac.fr\/index.php?rest_route=\/wp\/v2\/pages\/544\/revisions"}],"predecessor-version":[{"id":1400,"href":"https:\/\/www.etadam-pessac.fr\/index.php?rest_route=\/wp\/v2\/pages\/544\/revisions\/1400"}],"wp:attachment":[{"href":"https:\/\/www.etadam-pessac.fr\/index.php?rest_route=%2Fwp%2Fv2%2Fmedia&parent=544"}],"curies":[{"name":"wp","href":"https:\/\/api.w.org\/{rel}","templated":true}]}}