{"id":1462,"date":"2026-04-16T09:51:40","date_gmt":"2026-04-16T07:51:40","guid":{"rendered":"https:\/\/www.etadam-pessac.fr\/?page_id=1462"},"modified":"2026-04-18T10:08:27","modified_gmt":"2026-04-18T08:08:27","slug":"festival-des-13-et-14-juin-2026","status":"publish","type":"page","link":"https:\/\/www.etadam-pessac.fr\/","title":{"rendered":"FESTIVAL DES 13 et 14 JUIN 2026"},"content":{"rendered":"\n<p>Tous les spectacles auront lieu \u00e0 la salle Le Royal \u00e0 Pessac. Vous trouverez en dessous la billetterie unique puis les descriptifs d\u00e9taill\u00e9s de tous les spectacles. <\/p>\n\n\n\n<h2 class=\"wp-block-heading\">Le programme (cliquez le titre!)<\/h2>\n\n\n\n<figure class=\"wp-block-table is-style-stripes styled-table\"><table class=\"has-fixed-layout\"><thead><tr><th>Pi\u00e8ce<\/th><th>Troupe<\/th><th>Date et horaire repr\u00e9sentation<\/th><\/tr><\/thead><tbody><tr><td><a href=\"#le_coupable\">Le coupable est dans la salle<\/a><\/td><td>Les adultes du vendredi<\/td><td>samedi 13\/06 20H30<br>dimanche 14\/06 16H00<\/td><\/tr><tr><td><a href=\"#vole\">Vole, Eddie, vole!<\/a><\/td><td>Les adultes du jeudi<\/td><td>samedi 13\/06 17H00<br>dimanche 14\/06 19H00<\/td><\/tr><tr><td><a href=\"#8femmes\">Huit femmes<\/a><\/td><td>Les lyc\u00e9ens<\/td><td>samedi 13\/06 14H00<\/td><\/tr><tr><td><a href=\"#explosif\">Explosif!<\/a><\/td><td>Les coll\u00e9giens<\/td><td>dimanche 14\/06 11H00<\/td><\/tr><tr><td><a href=\"#departs\">D\u00e9parts d&rsquo;enfants<\/a><\/td><td>Les troupes enfants r\u00e9unies<\/td><td>dimanche 14\/06 14H00<\/td><\/tr><\/tbody><\/table><\/figure>\n\n\n\n<h2 class=\"wp-block-heading\">Billetterie tout spectacle<\/h2>\n\n\n<p><iframe id=\"haWidgetButton\" allowtransparency=\"true\" src=\"https:\/\/www.helloasso.com\/associations\/etadam-equipe-de-theatre-amateur-des-alentours-de-magonty\/evenements\/festival-etadam-2026\/widget-bouton\" style=\"width: 100%; height: 70px; border: none;\"><\/iframe><\/p>\n\n\n\n<h2 class=\"wp-block-heading\" id=\"le_coupable\">Le coupable est dans la salle!, par la troupe des adultes du vendredi<\/h2>\n\n\n\n<div class=\"wp-block-columns is-layout-flex wp-container-core-columns-is-layout-9d6595d7 wp-block-columns-is-layout-flex\">\n<div class=\"wp-block-column is-layout-flow wp-block-column-is-layout-flow\" style=\"flex-basis:66.66%\">\n<p class=\"has-text-align-left\"><em>Une pi\u00e8ce \u00e9crite par Yvon Taburet. Mise en sc\u00e8ne Ludovic Privat. Dur\u00e9e : 1h30<br><\/em>Au cours d&rsquo;une repr\u00e9sentation th\u00e9\u00e2trale, un acteur s&rsquo;\u00e9croule sur sc\u00e8ne. La th\u00e8se de l&rsquo;accident \u00e9tant tr\u00e8s vite \u00e9cart\u00e9e, il faut se rendre \u00e0 l&rsquo;\u00e9vidence : il s&rsquo;agit bien d&rsquo;un meurtre. Qui a pu le commettre ? La police, d\u00e9p\u00each\u00e9e sur les lieux, m\u00e8ne l&rsquo;enqu\u00eate. Des spectateurs \u00e0 la maquilleuse, du metteur en sc\u00e8ne aux acteurs, tout le monde est consid\u00e9r\u00e9 comme suspect. Une com\u00e9die polici\u00e8re qui pr\u00e9serve le suspense jusqu&rsquo;au d\u00e9nouement final en alternant humour et r\u00e9flexion pour le plus grand plaisir des spectateurs.<\/p>\n<\/div>\n<\/div>\n\n\n\n<h2 class=\"wp-block-heading\" id=\"vole\">Vole, Eddie, vole!, par la troupe des adultes du jeudi<\/h2>\n\n\n\n<p><em>Une pi\u00e8ce \u00e9crite par L\u00e9onard Prain. Mise en sc\u00e8ne Aur\u00e9lie Girveau.<\/em><\/p>\n\n\n\n<p>En 1976, le jeune Eddie Edwards troque son destin de pl\u00e2trier pour le r\u00eave fou des sommets olympiques. Au micro, un Eddie narrateur remonte le fil de ses souvenirs face \u00e0 une troupe de com\u00e9diens qui fait d\u00e9filer sa vie \u00e0 un rythme effr\u00e9n\u00e9. Dans cette mise en sc\u00e8ne \u00e9pur\u00e9e et po\u00e9tique, le changement de personnages \u00e0 vue et les quelques \u00e9l\u00e9ments de d\u00e9cor cr\u00e9ent un th\u00e9\u00e2tre d&rsquo;images moderne, o\u00f9 la t\u00e9nacit\u00e9 d&rsquo;un homme devient un v\u00e9ritable envol chor\u00e9graphi\u00e9.<\/p>\n\n\n\n<h2 class=\"wp-block-heading\" id=\"8femmes\">Huit femmes, par la troupe des lyc\u00e9ens<\/h2>\n\n\n\n<p><em>Une pi\u00e8ce librement inspir\u00e9e de l&rsquo;oeuvre de Robert Thomas<\/em>.<em> Mise en sc\u00e8ne Aur\u00e9lie Girveau.<\/em><\/p>\n\n\n\n<div class=\"wp-block-group is-nowrap is-layout-flex wp-container-core-group-is-layout-ad2f72ca wp-block-group-is-layout-flex\">\n<p>\u00c0 la charni\u00e8re des ann\u00e9es 60 et 70, une enqu\u00eate polici\u00e8re \u00e9lectrique s\u2019installe apr\u00e8s le meurtre de Marcel, seul homme de la maison. Entre conservatisme et soif d&rsquo;\u00e9mancipation, huit jeunes femmes s&#8217;emparent de personnages aux caract\u00e8res bien tremp\u00e9s o\u00f9 les costumes marquent le choc des g\u00e9n\u00e9rations. Rythm\u00e9e par les musiques de l&rsquo;\u00e9poque, cette com\u00e9die polici\u00e8re grin\u00e7ante fait voler en \u00e9clats les secrets et les faux-semblants d&rsquo;une bourgeoisie en pleine mutation.<\/p>\n<\/div>\n\n\n\n<h2 class=\"wp-block-heading\" id=\"explosif\">Explosif, par la troupe des coll\u00e9giens<\/h2>\n\n\n\n<p><em>Une pi\u00e8ce adapt\u00e9e de l&rsquo;oeuvre de Elise Wilk. Mise en sc\u00e8ne Angelica de Almeida.<\/em><\/p>\n\n\n\n<p>Un lyc\u00e9e, comme tant d&rsquo;autres: proviseur, psy, prof, surveillant, femme de m\u00e9nage, se m\u00ealent a une g\u00e9n\u00e9ration en crise avec ses doutes, ses r\u00eaves, ses r\u00e9voltes et ses coups de gueule.<\/p>\n\n\n\n<h2 class=\"wp-block-heading\" id=\"departs\">D\u00e9parts d&rsquo;enfants, par les troupes enfants r\u00e9unies<\/h2>\n\n\n\n<p><em>Une pi\u00e8ce \u00e9crite par Nicolas Gerrier. Mise en sc\u00e8ne Angelica de Almeida.<\/em><\/p>\n\n\n\n<div class=\"wp-block-group is-nowrap is-layout-flex wp-container-core-group-is-layout-ad2f72ca wp-block-group-is-layout-flex\">\n<p>\u00c7a commence \u00e0 leur naissance, d\u00e9part dans la vie, apr\u00e8s vient l&rsquo;\u00e9cole: d\u00e9part de grand, des enfants petits et des plus grands, ils partent en familles, seuls, avec leurs copains, pour toujours ou juste quelques instants, parfois c&rsquo;est tr\u00e8s rigolo et parfois non&#8230;<\/p>\n<\/div>\n\n\n\n<p><\/p>\n","protected":false},"excerpt":{"rendered":"<p>Tous les spectacles auront lieu \u00e0 la salle Le Royal \u00e0 Pessac. Vous trouverez en dessous la billetterie unique puis les descriptifs d\u00e9taill\u00e9s de tous les spectacles. Le programme (cliquez le titre!) Pi\u00e8ce Troupe Date et horaire repr\u00e9sentation Le coupable&hellip;&nbsp;<a href=\"https:\/\/www.etadam-pessac.fr\/\" class=\"more-link\">Lire la suite<\/a><\/p>\n","protected":false},"author":1,"featured_media":1464,"parent":0,"menu_order":0,"comment_status":"closed","ping_status":"closed","template":"","meta":{"ngg_post_thumbnail":0,"footnotes":""},"class_list":["post-1462","page","type-page","status-publish","has-post-thumbnail","hentry"],"_links":{"self":[{"href":"https:\/\/www.etadam-pessac.fr\/index.php?rest_route=\/wp\/v2\/pages\/1462","targetHints":{"allow":["GET"]}}],"collection":[{"href":"https:\/\/www.etadam-pessac.fr\/index.php?rest_route=\/wp\/v2\/pages"}],"about":[{"href":"https:\/\/www.etadam-pessac.fr\/index.php?rest_route=\/wp\/v2\/types\/page"}],"author":[{"embeddable":true,"href":"https:\/\/www.etadam-pessac.fr\/index.php?rest_route=\/wp\/v2\/users\/1"}],"replies":[{"embeddable":true,"href":"https:\/\/www.etadam-pessac.fr\/index.php?rest_route=%2Fwp%2Fv2%2Fcomments&post=1462"}],"version-history":[{"count":12,"href":"https:\/\/www.etadam-pessac.fr\/index.php?rest_route=\/wp\/v2\/pages\/1462\/revisions"}],"predecessor-version":[{"id":1477,"href":"https:\/\/www.etadam-pessac.fr\/index.php?rest_route=\/wp\/v2\/pages\/1462\/revisions\/1477"}],"wp:featuredmedia":[{"embeddable":true,"href":"https:\/\/www.etadam-pessac.fr\/index.php?rest_route=\/wp\/v2\/media\/1464"}],"wp:attachment":[{"href":"https:\/\/www.etadam-pessac.fr\/index.php?rest_route=%2Fwp%2Fv2%2Fmedia&parent=1462"}],"curies":[{"name":"wp","href":"https:\/\/api.w.org\/{rel}","templated":true}]}}