{"id":1431,"date":"2025-07-04T15:39:08","date_gmt":"2025-07-04T13:39:08","guid":{"rendered":"https:\/\/www.etadam-pessac.fr\/?page_id=1431"},"modified":"2025-07-04T15:39:08","modified_gmt":"2025-07-04T13:39:08","slug":"les-ateliers-2025-2026","status":"publish","type":"page","link":"https:\/\/www.etadam-pessac.fr\/?page_id=1431","title":{"rendered":"Les ateliers 2025-2026"},"content":{"rendered":"\n<figure class=\"wp-block-table is-style-stripes\"><table><thead><tr><th>Atelier<\/th><th>Horaire<\/th><th>Lieu<\/th><th>Tarif adh\u00e9sion incluse<\/th><\/tr><\/thead><tbody><tr><td>Enfants Cap de Bos<\/td><td>Mardi de 16h40 \u00e0 18h00<\/td><td>Salle municipale Cap de Bos<\/td><td>264\u20ac<\/td><\/tr><tr><td>Enfants Magonty<\/td><td>Mardi de 18h30 \u00e0 20h00<\/td><td>Salle municipale Magonty<\/td><td>264\u20ac<\/td><\/tr><tr><td>Ados Coll\u00e8ge<\/td><td>Vendredi de 18h00 \u00e0 19h30<\/td><td>Salle municipale Magonty<\/td><td>270\u20ac<\/td><\/tr><tr><td>Ados Lyc\u00e9e<\/td><td>Jeudi de 18h30 \u00e0 20h00<\/td><td>Salle municipale Magonty<\/td><td>270\u20ac<\/td><\/tr><tr><td>Adultes Jeudi<\/td><td>Jeudi de 20h30 \u00e0 22h30<\/td><td>Salle municipale Magonty<\/td><td>330\u20ac<\/td><\/tr><tr><td>Adultes Vendredi<\/td><td>Vendredi de 20h00 \u00e0 22h00<\/td><td>Salle municipale Monbalon<\/td><td>330\u20ac<\/td><\/tr><\/tbody><\/table><\/figure>\n\n\n\n<h2 class=\"wp-block-heading\"><strong>Les dates des ateliers:<\/strong><\/h2>\n\n\n\n<ul class=\"wp-block-list\">\n<li>Premiers ateliers : semaine du 23 septembre.<\/li>\n\n\n\n<li>Derniers ateliers : en fonction de la date du festival : 1 atelier apr\u00e8s le spectacle dans la mesure du possible. <\/li>\n\n\n\n<li>Le spectacle de fin d&rsquo;ann\u00e9e aura lieu au Royal \u00e0 Pessac les 13 et 14 juin 2026.<\/li>\n\n\n\n<li> Pas d&rsquo;atelier durant les p\u00e9riodes de vacances scolaires. <\/li>\n<\/ul>\n\n\n\n<h2 class=\"wp-block-heading\">S&rsquo;inscrire et adh\u00e9rer:<\/h2>\n\n\n\n<p>Pour les renouvellements le formulaire est envoy\u00e9 par mail. &#8211; si vous n&rsquo;avez rien re\u00e7u, \u00e9crivez-nous ! <\/p>\n\n\n\n<h3 class=\"wp-block-heading\">Pour les <strong>nouveaux adh\u00e9rents<\/strong> inscrivez vous sur liste d&rsquo;attente, vous deviendrez alors prioritaires sur les places disponibles:<\/h3>\n\n\n\n<p><a href=\"https:\/\/www.helloasso.com\/associations\/etadam-equipe-de-theatre-amateur-des-alentours-de-magonty\/adhesions\/etadam-liste-d-attente-ateliers-de-theatre-2025-2026\" target=\"_blank\" rel=\"noreferrer noopener\">Lien de la liste d&rsquo;attente 2025-2026<\/a><\/p>\n\n\n<p>Le paiement inclut la cotisation annuelle, d&rsquo;un montant de 25\u20ac. Une seule cotisation par ann\u00e9e et par foyer : demandez nous le remboursement le cas \u00e9ch\u00e9ant.<img loading=\"lazy\" decoding=\"async\" class=\"size-medium wp-image-959 alignright\" src=\"https:\/\/www.etadam-pessac.fr\/wp-content\/uploads\/2021\/08\/passculture-196x300.png\" alt=\"\" width=\"196\" height=\"300\"><\/p>\n<p>Le Pass&rsquo;jeune de la mairie de Pessac est accept\u00e9 comme moyen de paiement, profitez-en! Nous vous \u00e9changeons le pass contre un ch\u00e8que de valeur identique (contact@etadam-pessac.fr).<\/p>\n<p>Le paiement est effectu\u00e9 en 3 fois, selon l&rsquo;\u00e9ch\u00e9ancier indiqu\u00e9 sur le site helloasso ou sur la fiche d&rsquo;inscription qui vous sera remise si vous souhaitez r\u00e9gler par ch\u00e8que.<\/p>\n<p>S&rsquo;inscrire \u00e0 un atelier de th\u00e9\u00e2tre est aussi une responsabilit\u00e9 vis \u00e0 vis des autres participants, et de l&rsquo;intervenant professionnel. <strong>L&rsquo;ann\u00e9e est cl\u00f4tur\u00e9e par un spectacle, chacun&nbsp; doit \u00eatre assidu aux ateliers, r\u00e9p\u00e9titions suppl\u00e9mentaires, et \u0153uvrer pour le spectacle.<\/strong><\/p>\n<p>&nbsp;<\/p>\n<p>&nbsp;<\/p>","protected":false},"excerpt":{"rendered":"<p>Atelier Horaire Lieu Tarif adh\u00e9sion incluse Enfants Cap de Bos Mardi de 16h40 \u00e0 18h00 Salle municipale Cap de Bos 264\u20ac Enfants Magonty Mardi de 18h30 \u00e0 20h00 Salle municipale Magonty 264\u20ac Ados Coll\u00e8ge Vendredi de 18h00 \u00e0 19h30 Salle&hellip;&nbsp;<a href=\"https:\/\/www.etadam-pessac.fr\/?page_id=1431\" class=\"more-link\">Lire la suite<\/a><\/p>\n","protected":false},"author":1,"featured_media":0,"parent":0,"menu_order":0,"comment_status":"closed","ping_status":"closed","template":"","meta":{"ngg_post_thumbnail":0,"footnotes":""},"class_list":["post-1431","page","type-page","status-publish","hentry"],"_links":{"self":[{"href":"https:\/\/www.etadam-pessac.fr\/index.php?rest_route=\/wp\/v2\/pages\/1431","targetHints":{"allow":["GET"]}}],"collection":[{"href":"https:\/\/www.etadam-pessac.fr\/index.php?rest_route=\/wp\/v2\/pages"}],"about":[{"href":"https:\/\/www.etadam-pessac.fr\/index.php?rest_route=\/wp\/v2\/types\/page"}],"author":[{"embeddable":true,"href":"https:\/\/www.etadam-pessac.fr\/index.php?rest_route=\/wp\/v2\/users\/1"}],"replies":[{"embeddable":true,"href":"https:\/\/www.etadam-pessac.fr\/index.php?rest_route=%2Fwp%2Fv2%2Fcomments&post=1431"}],"version-history":[{"count":1,"href":"https:\/\/www.etadam-pessac.fr\/index.php?rest_route=\/wp\/v2\/pages\/1431\/revisions"}],"predecessor-version":[{"id":1432,"href":"https:\/\/www.etadam-pessac.fr\/index.php?rest_route=\/wp\/v2\/pages\/1431\/revisions\/1432"}],"wp:attachment":[{"href":"https:\/\/www.etadam-pessac.fr\/index.php?rest_route=%2Fwp%2Fv2%2Fmedia&parent=1431"}],"curies":[{"name":"wp","href":"https:\/\/api.w.org\/{rel}","templated":true}]}}