{"id":1217,"date":"2025-04-13T13:57:11","date_gmt":"2025-04-13T11:57:11","guid":{"rendered":"https:\/\/www.etadam-pessac.fr\/?page_id=1217"},"modified":"2025-05-15T07:16:56","modified_gmt":"2025-05-15T05:16:56","slug":"festival-2025","status":"publish","type":"page","link":"https:\/\/www.etadam-pessac.fr\/?page_id=1217","title":{"rendered":"FESTIVAL 2025"},"content":{"rendered":"\n<p>Tous les spectacles auront lieu \u00e0 la salle Le Royal \u00e0 Pessac. Vous trouverez en dessous la billetterie unique puis les descriptifs d\u00e9taill\u00e9s de tous les spectacles. <\/p>\n\n\n\n<p>Note : Mis \u00e0 part le spectacle des coll\u00e9giens, tous les spectacles sont regroup\u00e9s le week-end des 28-29 juin.<\/p>\n\n\n\n<h2 class=\"wp-block-heading\">Le programme (cliquez le titre)<\/h2>\n\n\n\n<figure class=\"wp-block-table is-style-stripes styled-table\"><table class=\"has-fixed-layout\"><thead><tr><th>Pi\u00e8ce<\/th><th>Troupe<\/th><th>Date et horaire repr\u00e9sentation<\/th><\/tr><\/thead><tbody><tr><td><a href=\"#un_air_de_famille\">Un air de famille<\/a><\/td><td>Les adultes du vendredi<\/td><td>samedi 28\/06 17H00<br>dimanche 29\/06 19H30<\/td><\/tr><tr><td><a href=\"#ca_va\">\u00c7a va? Moi je crois pas.<\/a><\/td><td>Les adultes du jeudi<\/td><td>samedi 28\/06 20H30<br>dimanche 29\/06 16H30<\/td><\/tr><tr><td><a href=\"#souriciere\">La sourici\u00e8re<\/a><\/td><td>Les lyc\u00e9ens<\/td><td>samedi 28\/06 14H00<\/td><\/tr><tr><td><a href=\"#yole\">Yol\u00e9 tam gu\u00e9<\/a><\/td><td>Les coll\u00e9giens<\/td><td>dimanche <strong>\u26a015\/06\u26a0<\/strong> 14H45<\/td><\/tr><tr><td><a href=\"#le_pingouin\">Le long voyage du pingouin vers la jungle<\/a><\/td><td>Les troupes enfants r\u00e9unies<\/td><td>dimanche 28\/06 14H30<\/td><\/tr><\/tbody><\/table><\/figure>\n\n\n\n<h2 class=\"wp-block-heading\">Billetterie tout spectacle<\/h2>\n\n\n\t\t\t<iframe\n\t\t\t\tid=\"idIframe\"\n\t\t\t\tsrc=\"https:\/\/www.helloasso.com\/associations\/etadam-equipe-de-theatre-amateur-des-alentours-de-magonty\/evenements\/festival-etadam-2025\/widget\"\n\t\t\t\theight=750px\"\t\t\t\twidth=100%\"\t\t\t\tframeborder=\"0\"\n\t\t\t\tloading=\"lazy\"\n\t\t\t\tallowtransparency=\"true\"\n\t\t\t\tonload=\"resizeIframeMessage()\"><\/iframe>\n\n\n\n\n<h2 class=\"wp-block-heading\" id=\"un_air_de_famille\">Un air de famille, par la troupe des adultes du vendredi<\/h2>\n\n\n\n<div class=\"wp-block-columns is-layout-flex wp-container-core-columns-is-layout-9d6595d7 wp-block-columns-is-layout-flex\">\n<div class=\"wp-block-column is-layout-flow wp-block-column-is-layout-flow\" style=\"flex-basis:66.66%\">\n<p class=\"has-text-align-left\"><em>Une pi\u00e8ce \u00e9crite par Agn\u00e8s Jaoui et Jean Pierre Bacri, cr\u00e9\u00e9e le 27 septembre 1994.<\/em><br>C&rsquo;est vendredi, et comme tous les vendredis la famille se r\u00e9unit au \u00ab\u00a0P\u00e8re Tranquille\u00a0\u00bb le caf\u00e9 d&rsquo;Henri. La m\u00e8re, Philippe le fr\u00e8re ain\u00e9 \u00e0 qui tout r\u00e9ussi, Yolande sa gentille \u00e9pouse, Betty la s\u0153ur rebelle, Caruso le chien et Denis le serveur. Tout le monde est l\u00e0 ou presque: il&nbsp;manque Arlette la femme d&rsquo;Henri! Mais que fait-elle? ils vont \u00eatre en retard pour f\u00eater l&rsquo;anniversaire de Yolande au restaurant! Une \u00e9mission t\u00e9l\u00e9, un coup de t\u00e9l\u00e9phone et le fragile \u00e9quilibre de cette famille vacille.<\/p>\n<\/div>\n<\/div>\n\n\n\n<h2 class=\"wp-block-heading\" id=\"ca_va\">\u00c7a va ? moi je crois pas, par la troupe des adultes du jeudi<\/h2>\n\n\n\n<p><em>Extraits de \u00ab&nbsp;\u00e7a va&nbsp;\u00bb et \u00ab&nbsp;Moi je crois pas&nbsp;\u00bb de Jean-Claude Grimberg, puis de \u00ab&nbsp;Th\u00e9atrogramme&nbsp;\u00bb&nbsp;de&nbsp;Jean-Paul Al\u00e8gre<\/em><\/p>\n\n\n\n<p>Chacune des sayn\u00e8tes que comporte ce spectacle d\u00e9voile avec tendresse et bonne humeur les envers du d\u00e9cor de ce monde si myst\u00e9rieux qu\u2019est le th\u00e9\u00e2tre.<br>Derri\u00e8re le comique de situation, les quiproquos, les jeux de mots et un art consomm\u00e9 dans l\u2019\u00e9criture de duos, l\u2019on d\u00e9couvre les joies et la vie d\u2019une troupe, ainsi que les interrogations des personnages sur leurs conditions.<\/p>\n\n\n\n<p>Une fa\u00e7on de porter un regard sensible sur le rapport \u00e0 l&rsquo;autre et sur le monde.<\/p>\n\n\n\n<h2 class=\"wp-block-heading\" id=\"souriciere\">La Sourici\u00e8re, par la troupe des lyc\u00e9ens<\/h2>\n\n\n\n<p><em>Une pi\u00e8ce \u00e9crite par Agatha Christie<\/em><\/p>\n\n\n\n<p>1950, Londres. Un meurtre vient d&rsquo;\u00eatre commis.<\/p>\n\n\n\n<div class=\"wp-block-group is-nowrap is-layout-flex wp-container-core-group-is-layout-ad2f72ca wp-block-group-is-layout-flex\">\n<figure class=\"wp-block-image size-full is-resized\"><img loading=\"lazy\" decoding=\"async\" width=\"300\" height=\"300\" src=\"https:\/\/www.etadam-pessac.fr\/wp-content\/uploads\/2025\/04\/auberge_isolee_neige_300x300.jpg\" alt=\"\" class=\"wp-image-1346\" style=\"width:253px;height:auto\" srcset=\"https:\/\/www.etadam-pessac.fr\/wp-content\/uploads\/2025\/04\/auberge_isolee_neige_300x300.jpg 300w, https:\/\/www.etadam-pessac.fr\/wp-content\/uploads\/2025\/04\/auberge_isolee_neige_300x300-150x150.jpg 150w, https:\/\/www.etadam-pessac.fr\/wp-content\/uploads\/2025\/04\/auberge_isolee_neige_300x300-270x270.jpg 270w\" sizes=\"auto, (max-width: 300px) 100vw, 300px\" \/><\/figure>\n\n\n\n<p>Pendant ce temps, l&rsquo;\u00e9motive Mollie et son mari Giles Ralston ouvrent une pension de famille dans la campagne londonienne. Alors qu&rsquo;une temp\u00eate de neige les immobilise avec leurs cinq pensionnaires, la d\u00e9testable Madame Boyle, l&rsquo;espi\u00e8gle Christopher Wren, le rigoureux Major Metcalf, l&rsquo;\u00e9trange Mademoiselle Casewell et le fantasque Monsieur Paravicini, le m\u00e9ticuleux inspecteur Trotter vient leur annoncer que le meurtrier est l&rsquo;un d&rsquo;eux.&nbsp;<\/p>\n<\/div>\n\n\n\n<p>Ainsi se l\u00e8ve le rideau du plus grand succ\u00e8s de la Reine du crime, Agatha Christie.&nbsp;<\/p>\n\n\n\n<p>Qui a bien pu commettre ce crime\u2026 ?<\/p>\n\n\n\n<h2 class=\"wp-block-heading\" id=\"yole\">Yol\u00e9 tam gu\u00e9, par la troupe des coll\u00e9giens<\/h2>\n\n\n\n<p><em>Une pi\u00e8ce \u00e9crite par Nathalie Papin<\/em><\/p>\n\n\n\n<p>C&rsquo;est l\u00e0&nbsp;la fin d&rsquo;une grande guerre, quelques enfants survivent cach\u00e9s dans un trou. Ils se retrouvent seuls dans un monde d\u00e9vast\u00e9. Mais comment survivre ? Ensemble ils doivent trouver la force et le courage pour tout reconstruire, ils partent \u00e0 la recherche de tout ce qui pourra les aider.<\/p>\n\n\n\n<h2 class=\"wp-block-heading\" id=\"le_pingouin\">Le long voyage du pingouin vers la jungle, par les troupes enfants r\u00e9unies<\/h2>\n\n\n\n<p><em>Une pi\u00e8ce \u00e9crite par Jean-Gabriel Nordmann.<\/em><\/p>\n\n\n\n<div class=\"wp-block-group is-nowrap is-layout-flex wp-container-core-group-is-layout-ad2f72ca wp-block-group-is-layout-flex\">\n<figure class=\"wp-block-image size-full is-resized\"><img loading=\"lazy\" decoding=\"async\" width=\"100\" height=\"160\" src=\"https:\/\/www.etadam-pessac.fr\/wp-content\/uploads\/2025\/04\/penguin-detoure-100x160-1.jpg\" alt=\"\" class=\"wp-image-1345\" style=\"width:108px;height:auto\"\/><\/figure>\n\n\n\n<p>Le petit pingouin&nbsp;s&rsquo;ennuie de vivre dans sa banquise o\u00f9 tout est noir et blanc. Il r\u00eave&nbsp;du monde des couleurs, de la jungle et ses animaux&nbsp;color\u00e9es. Et par une belle nuit polaire il part seul \u00e0 l&rsquo;aventure. Le voyage est long et riche en rencontres\u2026<\/p>\n<\/div>\n\n\n\n<p><\/p>\n","protected":false},"excerpt":{"rendered":"<p>Tous les spectacles auront lieu \u00e0 la salle Le Royal \u00e0 Pessac. Vous trouverez en dessous la billetterie unique puis les descriptifs d\u00e9taill\u00e9s de tous les spectacles. Note : Mis \u00e0 part le spectacle des coll\u00e9giens, tous les spectacles sont&hellip;&nbsp;<a href=\"https:\/\/www.etadam-pessac.fr\/?page_id=1217\" class=\"more-link\">Lire la suite<\/a><\/p>\n","protected":false},"author":5,"featured_media":1328,"parent":0,"menu_order":0,"comment_status":"closed","ping_status":"closed","template":"","meta":{"ngg_post_thumbnail":0,"footnotes":""},"class_list":["post-1217","page","type-page","status-publish","has-post-thumbnail","hentry"],"_links":{"self":[{"href":"https:\/\/www.etadam-pessac.fr\/index.php?rest_route=\/wp\/v2\/pages\/1217","targetHints":{"allow":["GET"]}}],"collection":[{"href":"https:\/\/www.etadam-pessac.fr\/index.php?rest_route=\/wp\/v2\/pages"}],"about":[{"href":"https:\/\/www.etadam-pessac.fr\/index.php?rest_route=\/wp\/v2\/types\/page"}],"author":[{"embeddable":true,"href":"https:\/\/www.etadam-pessac.fr\/index.php?rest_route=\/wp\/v2\/users\/5"}],"replies":[{"embeddable":true,"href":"https:\/\/www.etadam-pessac.fr\/index.php?rest_route=%2Fwp%2Fv2%2Fcomments&post=1217"}],"version-history":[{"count":48,"href":"https:\/\/www.etadam-pessac.fr\/index.php?rest_route=\/wp\/v2\/pages\/1217\/revisions"}],"predecessor-version":[{"id":1468,"href":"https:\/\/www.etadam-pessac.fr\/index.php?rest_route=\/wp\/v2\/pages\/1217\/revisions\/1468"}],"wp:featuredmedia":[{"embeddable":true,"href":"https:\/\/www.etadam-pessac.fr\/index.php?rest_route=\/wp\/v2\/media\/1328"}],"wp:attachment":[{"href":"https:\/\/www.etadam-pessac.fr\/index.php?rest_route=%2Fwp%2Fv2%2Fmedia&parent=1217"}],"curies":[{"name":"wp","href":"https:\/\/api.w.org\/{rel}","templated":true}]}}