{"id":1069,"date":"2023-05-30T19:35:34","date_gmt":"2023-05-30T17:35:34","guid":{"rendered":"https:\/\/www.etadam-pessac.fr\/?p=1069"},"modified":"2025-05-15T07:16:56","modified_gmt":"2025-05-15T05:16:56","slug":"festival-2023","status":"publish","type":"page","link":"https:\/\/www.etadam-pessac.fr\/?page_id=1069","title":{"rendered":"FESTIVAL 2023"},"content":{"rendered":"\n<h2 class=\"wp-block-heading\">Le festival ETADAM est de retour les 04, 08 et 09 juillet 2023 \u00e0 la salle \u00ab\u00a0Le Royal\u00a0\u00bb<\/h2>\n\n\n\n<figure class=\"wp-block-image\"><img decoding=\"async\" src=\"https:\/\/www.etadam-pessac.fr\/wp-content\/uploads\/2023\/05\/ETADAM_FLYER_202390-2.jpg\" alt=\"\" class=\"wp-image-1077\"\/><\/figure>\n\n\n\n<p>3 journ\u00e9es de festival, 7 repr\u00e9sentations ! retrouvez le programme complet ci-dessous :<\/p>\n\n\n\n<ul class=\"wp-block-gallery columns-2 is-cropped wp-block-gallery-1 is-layout-flex wp-block-gallery-is-layout-flex\"><li class=\"blocks-gallery-item\"><figure><img decoding=\"async\" src=\"https:\/\/www.etadam-pessac.fr\/wp-content\/uploads\/2023\/05\/ETADAM_FLYER_2023-2.jpg\" alt=\"\" data-id=\"1078\" data-link=\"https:\/\/www.etadam-pessac.fr\/?attachment_id=1078\" class=\"wp-image-1078\"\/><\/figure><\/li><li class=\"blocks-gallery-item\"><figure><img decoding=\"async\" src=\"https:\/\/www.etadam-pessac.fr\/wp-content\/uploads\/2023\/05\/ETADAM_FLYER_2023-3.jpg\" alt=\"\" data-id=\"1079\" data-link=\"https:\/\/www.etadam-pessac.fr\/?attachment_id=1079\" class=\"wp-image-1079\"\/><\/figure><\/li><\/ul>\n\n\n\n<p>Pour y participer rien de plus simple ! Vous pouvez acheter vos billets en ligne <a href=\"https:\/\/www.helloasso.com\/associations\/etadam-equipe-de-theatre-amateur-des-alentours-de-magonty\/evenements\/festival-etadam-1\"><strong><em>ici<\/em><\/strong><\/a><strong><em> <\/em><\/strong>, ou en scannant le QR Code ci-dessous :<\/p>\n\n\n\n<figure class=\"wp-block-image\"><img decoding=\"async\" src=\"https:\/\/www.etadam-pessac.fr\/wp-content\/uploads\/2023\/05\/qrcode-1-2.png\" alt=\"\" class=\"wp-image-1083\"\/><\/figure>\n\n\n\n<p>Vous pourrez aussi acheter vos billets sur place (r\u00e8glement en esp\u00e8ces ou par ch\u00e8que uniquement), mais nous vous remercions de privil\u00e9gier l&rsquo;achat en ligne dans la mesure du possible.<\/p>\n\n\n\n<p><strong>Pass 1 journ\u00e9e : <\/strong><\/p>\n\n\n\n<ul class=\"wp-block-list\"><li>Adultes (+ 18 ans) : 9 euros <\/li><li>Ados (+ 10 ans) : 6 euros <\/li><li>Entr\u00e9e gratuite pour les &#8211; de 10 ans <\/li><\/ul>\n\n\n\n<p><strong>Pass 2 jours : <\/strong><\/p>\n\n\n\n<ul class=\"wp-block-list\"><li>Adultes (+ 18 ans) : 11 euros <\/li><li>Ados (+ 10 ans) : 8 euros <\/li><li>Entr\u00e9e gratuite pour les &#8211; de 10 ans<\/li><\/ul>\n\n\n\n<p>Nous esp\u00e8rons vous y voir nombreux ! N&rsquo;h\u00e9sitez pas \u00e0 partager \u00e0 votre entourage \ud83d\ude09 <\/p>\n","protected":false},"excerpt":{"rendered":"<p>Le festival ETADAM est de retour les 04, 08 et 09 juillet 2023 \u00e0 la salle \u00ab\u00a0Le Royal\u00a0\u00bb 3 journ\u00e9es de festival, 7 repr\u00e9sentations ! retrouvez le programme complet ci-dessous : Pour y participer rien de plus simple ! Vous&hellip;&nbsp;<a href=\"https:\/\/www.etadam-pessac.fr\/?page_id=1069\" class=\"more-link\">Lire la suite<\/a><\/p>\n","protected":false},"author":4,"featured_media":0,"parent":0,"menu_order":0,"comment_status":"closed","ping_status":"closed","template":"","meta":{"ngg_post_thumbnail":0,"footnotes":""},"class_list":["post-1069","page","type-page","status-publish","hentry"],"_links":{"self":[{"href":"https:\/\/www.etadam-pessac.fr\/index.php?rest_route=\/wp\/v2\/pages\/1069","targetHints":{"allow":["GET"]}}],"collection":[{"href":"https:\/\/www.etadam-pessac.fr\/index.php?rest_route=\/wp\/v2\/pages"}],"about":[{"href":"https:\/\/www.etadam-pessac.fr\/index.php?rest_route=\/wp\/v2\/types\/page"}],"author":[{"embeddable":true,"href":"https:\/\/www.etadam-pessac.fr\/index.php?rest_route=\/wp\/v2\/users\/4"}],"replies":[{"embeddable":true,"href":"https:\/\/www.etadam-pessac.fr\/index.php?rest_route=%2Fwp%2Fv2%2Fcomments&post=1069"}],"version-history":[{"count":1,"href":"https:\/\/www.etadam-pessac.fr\/index.php?rest_route=\/wp\/v2\/pages\/1069\/revisions"}],"predecessor-version":[{"id":1402,"href":"https:\/\/www.etadam-pessac.fr\/index.php?rest_route=\/wp\/v2\/pages\/1069\/revisions\/1402"}],"wp:attachment":[{"href":"https:\/\/www.etadam-pessac.fr\/index.php?rest_route=%2Fwp%2Fv2%2Fmedia&parent=1069"}],"curies":[{"name":"wp","href":"https:\/\/api.w.org\/{rel}","templated":true}]}}