{"id":102,"date":"2018-08-23T23:38:32","date_gmt":"2018-08-23T21:38:32","guid":{"rendered":"https:\/\/www.etadam-pessac.fr\/?page_id=102"},"modified":"2025-09-12T20:05:33","modified_gmt":"2025-09-12T18:05:33","slug":"les-salles","status":"publish","type":"page","link":"https:\/\/www.etadam-pessac.fr\/?page_id=102","title":{"rendered":"Les salles"},"content":{"rendered":"<p><strong>Nous utilisons r\u00e9guli\u00e8rement pour nos ateliers 3 salles de Pessac :<\/strong><\/p>\n<ul>\n<li>La Maison de Quartier de Magonty : Place de la R\u00e9sistance, 33600 PESSAC<\/li>\n<li>La Maison de Quartier de Monbalon : 2 rue des Anciens de l&rsquo;AFN, 33600 PESSAC<\/li>\n<li>La Maison de Quartier de Cap de Bos : 39 avenue des Provinces, 33600 Pessac<\/li>\n<\/ul>\n<p>Et le festival a habituellement lieu au Royal, 76 av Jean Cordier, 33600 Pessac<\/p>\n","protected":false},"excerpt":{"rendered":"<p>Nous utilisons r\u00e9guli\u00e8rement pour nos ateliers 3 salles de Pessac : La Maison de Quartier de Magonty : Place de la R\u00e9sistance, 33600 PESSAC La Maison de Quartier de Monbalon : 2 rue des Anciens de l&rsquo;AFN, 33600 PESSAC La&hellip;&nbsp;<a href=\"https:\/\/www.etadam-pessac.fr\/?page_id=102\" class=\"more-link\">Lire la suite<\/a><\/p>\n","protected":false},"author":1,"featured_media":0,"parent":367,"menu_order":0,"comment_status":"closed","ping_status":"closed","template":"","meta":{"ngg_post_thumbnail":0,"footnotes":""},"class_list":["post-102","page","type-page","status-publish","hentry"],"_links":{"self":[{"href":"https:\/\/www.etadam-pessac.fr\/index.php?rest_route=\/wp\/v2\/pages\/102","targetHints":{"allow":["GET"]}}],"collection":[{"href":"https:\/\/www.etadam-pessac.fr\/index.php?rest_route=\/wp\/v2\/pages"}],"about":[{"href":"https:\/\/www.etadam-pessac.fr\/index.php?rest_route=\/wp\/v2\/types\/page"}],"author":[{"embeddable":true,"href":"https:\/\/www.etadam-pessac.fr\/index.php?rest_route=\/wp\/v2\/users\/1"}],"replies":[{"embeddable":true,"href":"https:\/\/www.etadam-pessac.fr\/index.php?rest_route=%2Fwp%2Fv2%2Fcomments&post=102"}],"version-history":[{"count":3,"href":"https:\/\/www.etadam-pessac.fr\/index.php?rest_route=\/wp\/v2\/pages\/102\/revisions"}],"predecessor-version":[{"id":1459,"href":"https:\/\/www.etadam-pessac.fr\/index.php?rest_route=\/wp\/v2\/pages\/102\/revisions\/1459"}],"up":[{"embeddable":true,"href":"https:\/\/www.etadam-pessac.fr\/index.php?rest_route=\/wp\/v2\/pages\/367"}],"wp:attachment":[{"href":"https:\/\/www.etadam-pessac.fr\/index.php?rest_route=%2Fwp%2Fv2%2Fmedia&parent=102"}],"curies":[{"name":"wp","href":"https:\/\/api.w.org\/{rel}","templated":true}]}}